{"id":992,"date":"2025-03-25T23:38:30","date_gmt":"2025-03-25T22:38:30","guid":{"rendered":"https:\/\/petitjacquart.com\/?post_type=product&#038;p=992"},"modified":"2025-12-11T20:53:15","modified_gmt":"2025-12-11T19:53:15","slug":"de-justesse","status":"publish","type":"product","link":"https:\/\/petitjacquart.com\/index.php\/product\/de-justesse\/","title":{"rendered":"De justesse"},"content":{"rendered":"","protected":false},"excerpt":{"rendered":"<p>Impression risographique format A4 sur papier 300g<br \/>\n30 exemplaires, num\u00e9rot\u00e9s et sign\u00e9s.<\/p>\n","protected":false},"featured_media":996,"template":"","meta":[],"_links":{"self":[{"href":"https:\/\/petitjacquart.com\/index.php\/wp-json\/wp\/v2\/product\/992"}],"collection":[{"href":"https:\/\/petitjacquart.com\/index.php\/wp-json\/wp\/v2\/product"}],"about":[{"href":"https:\/\/petitjacquart.com\/index.php\/wp-json\/wp\/v2\/types\/product"}],"wp:featuredmedia":[{"embeddable":true,"href":"https:\/\/petitjacquart.com\/index.php\/wp-json\/wp\/v2\/media\/996"}],"wp:attachment":[{"href":"https:\/\/petitjacquart.com\/index.php\/wp-json\/wp\/v2\/media?parent=992"}],"curies":[{"name":"wp","href":"https:\/\/api.w.org\/{rel}","templated":true}]}}