{"id":983,"date":"2025-02-24T13:22:21","date_gmt":"2025-02-24T12:22:21","guid":{"rendered":"https:\/\/petitjacquart.com\/?post_type=product&#038;p=983"},"modified":"2025-12-10T19:16:26","modified_gmt":"2025-12-10T18:16:26","slug":"coupe-abyssale","status":"publish","type":"product","link":"https:\/\/petitjacquart.com\/index.php\/product\/coupe-abyssale\/","title":{"rendered":"Coupe abyssale"},"content":{"rendered":"<p><i>\u00a0<\/i><\/p>\n","protected":false},"excerpt":{"rendered":"<p>cadre en bois sculpt\u00e9 &#038; pyrograv\u00e9, miroir grav\u00e9<br \/>\nAccrochas murale<\/p>\n<p>Dimension : 28x29cm<\/p>\n<p>ME CONTACTER POUR TOUTE DEMANDE D&rsquo;ENVOI<\/p>\n","protected":false},"featured_media":984,"template":"","meta":[],"_links":{"self":[{"href":"https:\/\/petitjacquart.com\/index.php\/wp-json\/wp\/v2\/product\/983"}],"collection":[{"href":"https:\/\/petitjacquart.com\/index.php\/wp-json\/wp\/v2\/product"}],"about":[{"href":"https:\/\/petitjacquart.com\/index.php\/wp-json\/wp\/v2\/types\/product"}],"wp:featuredmedia":[{"embeddable":true,"href":"https:\/\/petitjacquart.com\/index.php\/wp-json\/wp\/v2\/media\/984"}],"wp:attachment":[{"href":"https:\/\/petitjacquart.com\/index.php\/wp-json\/wp\/v2\/media?parent=983"}],"curies":[{"name":"wp","href":"https:\/\/api.w.org\/{rel}","templated":true}]}}