{"id":866,"date":"2024-09-19T22:56:47","date_gmt":"2024-09-19T20:56:47","guid":{"rendered":"https:\/\/petitjacquart.com\/?post_type=product&#038;p=866"},"modified":"2024-09-19T23:15:32","modified_gmt":"2024-09-19T21:15:32","slug":"la-chrysalide","status":"publish","type":"product","link":"https:\/\/petitjacquart.com\/index.php\/product\/la-chrysalide\/","title":{"rendered":"La chrysalide"},"content":{"rendered":"","protected":false},"excerpt":{"rendered":"<p>Impression risographique format A3 sur papier 300g<br \/>\n25 exemplaires, num\u00e9rot\u00e9s et sign\u00e9s.<\/p>\n","protected":false},"featured_media":898,"template":"","meta":[],"_links":{"self":[{"href":"https:\/\/petitjacquart.com\/index.php\/wp-json\/wp\/v2\/product\/866"}],"collection":[{"href":"https:\/\/petitjacquart.com\/index.php\/wp-json\/wp\/v2\/product"}],"about":[{"href":"https:\/\/petitjacquart.com\/index.php\/wp-json\/wp\/v2\/types\/product"}],"wp:featuredmedia":[{"embeddable":true,"href":"https:\/\/petitjacquart.com\/index.php\/wp-json\/wp\/v2\/media\/898"}],"wp:attachment":[{"href":"https:\/\/petitjacquart.com\/index.php\/wp-json\/wp\/v2\/media?parent=866"}],"curies":[{"name":"wp","href":"https:\/\/api.w.org\/{rel}","templated":true}]}}