{"id":259,"date":"2021-08-30T10:39:54","date_gmt":"2021-08-30T08:39:54","guid":{"rendered":"https:\/\/petitjacquart.com\/?post_type=product&#038;p=259"},"modified":"2021-08-30T15:54:03","modified_gmt":"2021-08-30T13:54:03","slug":"carte-cadeau","status":"publish","type":"product","link":"https:\/\/petitjacquart.com\/index.php\/product\/carte-cadeau\/","title":{"rendered":"Carte cadeau"},"content":{"rendered":"<p>Impression format A5 sur papier textur\u00e9 et recycl\u00e9 320 gramme<br \/>\nEnvoi postal.<\/p>\n<p>&nbsp;<\/p>\n","protected":false},"excerpt":{"rendered":"<h1><strong>Carte Cadeau<\/strong><\/h1>\n<p>Bon pour un tatouage compris entre 100 et 250 euros.<\/p>\n<p>Vous recevrez la carte \u00e0 l&rsquo;adresse indiqu\u00e9e lors du paiement. Vous retrouverez sur le recto le prix et la date de validit\u00e9 (1 an \u00e0 partir de la date d&rsquo;achat) et sur le verso, une illustration originale faite main.<\/p>\n<p>Le d\u00e9tenteur de la carte devra ensuite prendre rendez-vous avec moi via la messagerie d&rsquo;Instagram et venir avec lors du rendez-vous.<\/p>\n<p>\u00e0 bient\u00f4t !<\/p>\n","protected":false},"featured_media":268,"template":"","meta":[],"_links":{"self":[{"href":"https:\/\/petitjacquart.com\/index.php\/wp-json\/wp\/v2\/product\/259"}],"collection":[{"href":"https:\/\/petitjacquart.com\/index.php\/wp-json\/wp\/v2\/product"}],"about":[{"href":"https:\/\/petitjacquart.com\/index.php\/wp-json\/wp\/v2\/types\/product"}],"wp:featuredmedia":[{"embeddable":true,"href":"https:\/\/petitjacquart.com\/index.php\/wp-json\/wp\/v2\/media\/268"}],"wp:attachment":[{"href":"https:\/\/petitjacquart.com\/index.php\/wp-json\/wp\/v2\/media?parent=259"}],"curies":[{"name":"wp","href":"https:\/\/api.w.org\/{rel}","templated":true}]}}