{"id":1181,"date":"2025-12-10T20:05:02","date_gmt":"2025-12-10T19:05:02","guid":{"rendered":"https:\/\/petitjacquart.com\/?post_type=product&#038;p=1181"},"modified":"2025-12-10T20:09:38","modified_gmt":"2025-12-10T19:09:38","slug":"lumiere-sur-probleme","status":"publish","type":"product","link":"https:\/\/petitjacquart.com\/index.php\/product\/lumiere-sur-probleme\/","title":{"rendered":"Lumi\u00e8re sur probl\u00e8me"},"content":{"rendered":"","protected":false},"excerpt":{"rendered":"<p>Impression risographique format A5 sur papier 300g<br \/>\n30 exemplaires, num\u00e9rot\u00e9s et sign\u00e9s.<\/p>\n","protected":false},"featured_media":1185,"template":"","meta":[],"_links":{"self":[{"href":"https:\/\/petitjacquart.com\/index.php\/wp-json\/wp\/v2\/product\/1181"}],"collection":[{"href":"https:\/\/petitjacquart.com\/index.php\/wp-json\/wp\/v2\/product"}],"about":[{"href":"https:\/\/petitjacquart.com\/index.php\/wp-json\/wp\/v2\/types\/product"}],"wp:featuredmedia":[{"embeddable":true,"href":"https:\/\/petitjacquart.com\/index.php\/wp-json\/wp\/v2\/media\/1185"}],"wp:attachment":[{"href":"https:\/\/petitjacquart.com\/index.php\/wp-json\/wp\/v2\/media?parent=1181"}],"curies":[{"name":"wp","href":"https:\/\/api.w.org\/{rel}","templated":true}]}}