{"id":1161,"date":"2025-12-10T19:52:54","date_gmt":"2025-12-10T18:52:54","guid":{"rendered":"https:\/\/petitjacquart.com\/?post_type=product&#038;p=1161"},"modified":"2025-12-10T19:55:26","modified_gmt":"2025-12-10T18:55:26","slug":"cruche","status":"publish","type":"product","link":"https:\/\/petitjacquart.com\/index.php\/product\/cruche\/","title":{"rendered":"Cruche"},"content":{"rendered":"","protected":false},"excerpt":{"rendered":"<p>Vase en c\u00e9ramique gr\u00e8s chamott\u00e9<\/p>\n","protected":false},"featured_media":1163,"template":"","meta":[],"_links":{"self":[{"href":"https:\/\/petitjacquart.com\/index.php\/wp-json\/wp\/v2\/product\/1161"}],"collection":[{"href":"https:\/\/petitjacquart.com\/index.php\/wp-json\/wp\/v2\/product"}],"about":[{"href":"https:\/\/petitjacquart.com\/index.php\/wp-json\/wp\/v2\/types\/product"}],"wp:featuredmedia":[{"embeddable":true,"href":"https:\/\/petitjacquart.com\/index.php\/wp-json\/wp\/v2\/media\/1163"}],"wp:attachment":[{"href":"https:\/\/petitjacquart.com\/index.php\/wp-json\/wp\/v2\/media?parent=1161"}],"curies":[{"name":"wp","href":"https:\/\/api.w.org\/{rel}","templated":true}]}}