{"id":1154,"date":"2025-12-10T19:52:29","date_gmt":"2025-12-10T18:52:29","guid":{"rendered":"https:\/\/petitjacquart.com\/?post_type=product&#038;p=1154"},"modified":"2025-12-10T19:55:47","modified_gmt":"2025-12-10T18:55:47","slug":"vase-a-histoire","status":"publish","type":"product","link":"https:\/\/petitjacquart.com\/index.php\/product\/vase-a-histoire\/","title":{"rendered":"Vase \u00e0 histoire"},"content":{"rendered":"","protected":false},"excerpt":{"rendered":"<p>Vase en c\u00e9ramique gr\u00e8s chamott\u00e9<\/p>\n","protected":false},"featured_media":1155,"template":"","meta":[],"_links":{"self":[{"href":"https:\/\/petitjacquart.com\/index.php\/wp-json\/wp\/v2\/product\/1154"}],"collection":[{"href":"https:\/\/petitjacquart.com\/index.php\/wp-json\/wp\/v2\/product"}],"about":[{"href":"https:\/\/petitjacquart.com\/index.php\/wp-json\/wp\/v2\/types\/product"}],"wp:featuredmedia":[{"embeddable":true,"href":"https:\/\/petitjacquart.com\/index.php\/wp-json\/wp\/v2\/media\/1155"}],"wp:attachment":[{"href":"https:\/\/petitjacquart.com\/index.php\/wp-json\/wp\/v2\/media?parent=1154"}],"curies":[{"name":"wp","href":"https:\/\/api.w.org\/{rel}","templated":true}]}}